{"id":56,"date":"2018-05-03T09:41:50","date_gmt":"2018-05-03T09:41:50","guid":{"rendered":"https:\/\/angelinaresidence.it\/?page_id=56"},"modified":"2020-07-27T14:37:10","modified_gmt":"2020-07-27T12:37:10","slug":"privacy-and-cookies-policy","status":"publish","type":"page","link":"https:\/\/angelinaresidence.it\/en\/privacy-and-cookies-policy\/","title":{"rendered":"Privacy and Cookies Policy"},"content":{"rendered":"<h2>INFORMATIVA RELATIVA AL TRATTAMENTO DI DATI PERSONALI<\/h2>\n<p>Ai sensi dell\u2019art. 13 del Regolamento UE 2016\/679 del 27 aprile 2016 &#8211; di seguito, definito il Regolamento &#8211; e dell\u2019art. 13 del<br \/>\nD. Lgs. 196\/2003 e s.m.i. &#8211; insieme definiti Normativa Applicabile &#8211; forniamo in qualit\u00e0 di Titolare del Trattamento opportuna<br \/>\ninformativa circa gli elementi fondamentali del trattamento eseguito.<\/p>\n<h2>1) TITOLARE DEL TRATTAMENTO E RESPONSABILI DEL TRATTAMENTO<\/h2>\n<p>Il Titolare del trattamento \u00e8 societ\u00e0 INTUR S.A.S di Paola Della Pietra &amp; C. Via S. Tecla, 8 Cap 84010 Maiori (Sa) C.F.\/P.IVA<br \/>\n00553430653<br \/>\nL\u2019elenco completo e aggiornato dei soggetti designati responsabili del trattamento \u00e8 disponibile, su richiesta dell\u2019interessato,<br \/>\npresso la sede del Titolare.<\/p>\n<h2>2) TIPOLOGIE DI DATI TRATTATI<\/h2>\n<p>I dati raccolti ai fini dell\u2019eventuale erogazione del servizio includono:<br \/>\n&#8211; dati anagrafici e di contatto: nome, cognome, indirizzo, numero di telefono, numero di documento di identit\u00e0,<br \/>\nnazionalit\u00e0, e-mail ed altri recapiti;<br \/>\n&#8211; dati fiscali;<br \/>\n&#8211; eventuali ulteriori dati che riterr\u00e0 opportuno comunicare.<br \/>\nI dati personali possono includere categorie particolari di dati personali (a titolo esemplificativo e non esaustivo:<br \/>\nl\u2019orientamento religioso, lo stato di salute) qualora gli interessati li comunicassero spontaneamente ai fini della gestione di<br \/>\nuna specifica richiesta e saranno trattati previa acquisizione di un esplicito consenso al trattamento.<\/p>\n<h2>3) FINALIT\u00c0 DEL TRATTAMENTO<\/h2>\n<p>I dati personali raccolti saranno trattati lecitamente ai sensi dell\u2019art. 6 del Regolamento per le seguenti finalit\u00e0:<br \/>\na) per lo svolgimento di attivit\u00e0 connesse e conseguenti all\u2019instaurazione di un rapporto contrattuale o ovvero per la<br \/>\nsoddisfazione di una richiesta e\/o adempimenti pre-contrattuali oltre che per il controllo della qualit\u00e0 dei servizi forniti e<br \/>\nverifica del grado di soddisfazione dei clienti;<br \/>\nb) per adempiere ad obblighi fiscali e contabili e\/o obblighi previsti dalla legge, da un\u2019autorit\u00e0, da un regolamento o dalla<br \/>\nnormativa europea in relazione al rapporto contrattuale in essere;<br \/>\nc) per finalit\u00e0 di comunicazione tramite canali social e comunicazione commerciale e promozionale dei prodotti e\/o<br \/>\nservizi (es. messaggi promozionali, aggiornamento sulle tariffe e sulle offerte)<br \/>\nd) per la tutela del patrimonio aziendale attraverso un sistema di videosorveglianza presso alcune aree della struttura,<br \/>\nopportunamente segnalate mediante appositi cartelli posti prima del relativo raggio d\u2019azione delle telecamere.<\/p>\n<h2>4) CONSEGUENZE DEL MANCATO CONFERIMENTO, BASE GIUDIRICA E DURATA DEL TRATTAMENTO<\/h2>\n<p>Il conferimento dei dati personali per le finalit\u00e0 di trattamento di cui al punto 3 lett. a), b) della presente informativa \u00e8<br \/>\nindispensabile e obbligatorio per instaurare il rapporto contrattuale, pertanto la mancata comunicazione degli stessi potrebbe<br \/>\ncomportare l\u2019impossibilit\u00e0 di dare esecuzione al contratto. La base giuridica del trattamento \u00e8 la necessit\u00e0 di dare esecuzione<br \/>\nad un obbligo contrattuale o obbligo di legge, nel rispetto dell\u2019art. 6 del Regolamento, pertanto non \u00e8 necessaria l\u2019acquisizione<br \/>\ndi un preventivo consenso. Il trattamento dei dati personali verr\u00e0 effettuato per il tempo necessario a conseguire gli scopi per<br \/>\ncui sono stati raccolti o comunque per il tempo necessario per l\u2019accertamento, l\u2019esercizio e la difesa in sede giudiziaria dei<br \/>\ndiritti del Titolare e dei diritti degli interessati, ove applicabile.<br \/>\nIl conferimento dei dati per le finalit\u00e0 di cui al punto 3 lett. c) della presente informativa \u00e8 facoltativo, pertanto il Titolare potr\u00e0<br \/>\ntrattare i dati personali, anche successivamente alla cessazione del rapporto contrattuale, solo previa acquisizione<br \/>\ndell\u2019esplicito consenso da parte dell\u2019interessato. In qualsiasi momento l\u2019interessato ha il diritto di opporsi alle attivit\u00e0 di<br \/>\nmarketing diretto, contattando il Titolare a uno dei contatti indicati nella presente Informativa.<br \/>\nIl trattamento dei dati personali per le finalit\u00e0 di videosorveglianza, di cui al punto 3 lett. d), non richieder\u00e0 il Suo consenso in<br \/>\nquanto persegue il legittimo interesse del Titolare a tutelare il patrimonio aziendale e le persone rispetto a possibili<br \/>\naggressioni, furti, danneggiamenti, atti di vandalismo. L\u2019accesso alle zone videosorvegliate comporta la raccolta, la<br \/>\nregistrazione, la conservazione e, in generale, l\u2019utilizzo delle immagini degli interessati. Le immagini video registrate saranno<br \/>\nconservate per 24 ore. Decorso tale termine, le immagini verranno cancellate con la sovrascrittura di nuove immagini.<\/p>\n<h2>5) MODALIT\u00c0 DEL TRATTAMENTO<\/h2>\n<p>Il trattamento dei dati personali avverr\u00e0, nel rispetto delle disposizioni previste dal Regolamento, mediante strumenti cartacei,<br \/>\ninformatici e telematici, con logiche strettamente correlate alle finalit\u00e0 indicate e, comunque, con modalit\u00e0 idonee a<br \/>\ngarantirne la sicurezza e la riservatezza in conformit\u00e0 alle disposizioni previste dall\u2019art. 32 del Regolamento.<\/p>\n<h2>6) COMUNICAZIONE DEI DATI<\/h2>\n<p>Per il perseguimento delle finalit\u00e0 descritte nella presente informativa, i dati personali saranno trattati dai dipendenti, dal<br \/>\npersonale assimilato, espressamente autorizzati al trattamento e che hanno ricevuto adeguate istruzioni operative.<br \/>\nIl Titolare, inoltre, pu\u00f2 avere la necessit\u00e0 di comunicare i dati personali degli interessati a soggetti terzi (aventi sede anche al<br \/>\ndi fuori dell\u2019Unione Europea, nel rispetto dei presupposti normativi che lo consentono) appartenenti, a titolo esemplificativo<br \/>\ne non esaustivo, alle seguenti categorie:<br \/>\na) soggetti che forniscono servizi di supporto per l\u2019esecuzione degli obblighi contrattuali relativi all\u2019erogazione di un<br \/>\nservizio e alla soddisfazione di una richiesta;<br \/>\nb) persone, societ\u00e0, associazioni o studi professionali che prestino servizi, assistenza e consulenza in materia contabile,<br \/>\namministrativa, legale, tributaria, finanziaria, commerciale e tecnica a favore del Titolare;<br \/>\nc) ulteriori soggetti di cui il Titolare a vario titolo si avvale per la fornitura del prodotto o del servizio richiesto;<br \/>\nd) soggetti che forniscono servizi per la gestione del sistema informatico, del sito web e degli strumenti online;<br \/>\ne) soggetti che forniscono servizi di pagamento e\/o istituti bancari;<br \/>\nf) soggetti cui la facolt\u00e0 di accedere ai dati sia riconosciuta da disposizioni di legge e di normativa secondaria o da<br \/>\ndisposizioni impartite da autorit\u00e0 a ci\u00f2 legittimate dalla legge.<br \/>\nI soggetti appartenenti alle categorie sopra riportate operano, in alcune ipotesi, in totale autonomia come distinti Titolari del<br \/>\ntrattamento, in altre ipotesi, in qualit\u00e0 di Responsabili del trattamento appositamente nominati dal Titolare nel rispetto<br \/>\ndell\u2019art. 28 del Regolamento.<br \/>\nI dati relativi alle finalit\u00e0 di trattamento di cui al punto 3 d), non saranno oggetto di comunicazione a terzi, tranne nel caso in<br \/>\ncui si debba aderire ad una specifica richiesta investigativa a carico dell\u2019autorit\u00e0 giudiziaria o di polizia giudiziaria.<br \/>\nLe interazioni con i processori di pagamento di Terze parti sono regolate dalla politica sulla privacy dell\u2019organizzazione che le<br \/>\nfornisce.<br \/>\nI dati personali trattati nell\u2019ambito dei Social Network possono essere resi visibili e comunicati in base alle preferenze sulla<br \/>\nprivacy che Lei ha impostato su tale Social Network che agisce come autonomo Titolare del trattamento.<\/p>\n<h2>7) DIRITTI DEGLI INTERESSATI<\/h2>\n<p>I diritti garantiti dalla Normativa Applicabile, potranno essere esercitati contattando il Titolare, inviando un messaggio di posta<br \/>\nelettronica certificata al seguente indirizzo pec in.tur@pec.it<br \/>\novvero a mezzo raccomandata a\/r presso la sede legale di del Titolare<br \/>\nINTUR S.A.S Via S. Tecla, 8 Cap 84010 Maiori (Sa)<br \/>\nIl Titolare provveder\u00e0 a prendere carico tali richieste e a fornire, senza ingiustificato ritardo e, comunque, al pi\u00f9 tardi entro<br \/>\nun mese dal ricevimento della stessa, le informazioni relative all\u2019azione intrapresa riguardo alla richiesta.<br \/>\nAi sensi della Normativa Applicabile, la informiamo che ha il diritto di ottenere l&#8217;indicazione (i) dell&#8217;origine dei dati personali;<br \/>\n(ii) delle finalit\u00e0 e modalit\u00e0 del trattamento; (iii) della logica applicata in caso di trattamento effettuato con l&#8217;ausilio di<br \/>\nstrumenti elettronici; (iv) degli estremi identificativi del titolare e dei responsabili; (v) dei soggetti o delle categorie di soggetti<br \/>\nai quali i dati personali possono essere comunicati o che possono venirne a conoscenza in qualit\u00e0 di responsabili o incaricati.<br \/>\nInoltre, ha il diritto di ottenere:<br \/>\na) l\u2019accesso, l&#8217;aggiornamento, la rettificazione ovvero, quando vi ha interesse, l&#8217;integrazione dei dati;<br \/>\nb) la cancellazione, la trasformazione in forma anonima o il blocco dei dati trattati in violazione di legge, compresi quelli<br \/>\ndi cui non \u00e8 necessaria la conservazione in relazione agli scopi per i quali i dati sono stati raccolti o successivamente trattati;<br \/>\nc) l&#8217;attestazione che le operazioni di cui alle lettere a) e b) sono state portate a conoscenza, anche per quanto riguarda<br \/>\nil loro contenuto, di coloro ai quali i dati sono stati comunicati o diffusi, eccettuato il caso in cui tale adempimento si rivela<br \/>\nimpossibile o comporta un impiego di mezzi manifestamente sproporzionato rispetto al diritto tutelato.<br \/>\nInoltre, ha:<br \/>\na) se applicabile il diritto alla portabilit\u00e0 dei dati (diritto di ricevere tutti i dati personali che La riguardano in un formato<br \/>\nstrutturato, di uso comune e leggibile da dispositivo automatico), il diritto alla limitazione del trattamento dei dati personali<br \/>\ne il diritto alla cancellazione (\u201cdiritto all\u2019oblio\u201d);<br \/>\nb) il diritto di opporsi in tutto o in parte, per motivi connessi alla Sua situazione personale, al trattamento dei dati<br \/>\npersonali che La riguardano, ancorch\u00e9 pertinenti allo scopo della raccolta, nonch\u00e9 di opporsi, in ogni momento, al trattamento<br \/>\ndi dati per finalit\u00e0 di marketing ovvero di opporsi solo con riguardo ad alcune modalit\u00e0;<br \/>\nc) qualora ritenesse che il trattamento dei dati personali svolto dal Titolare violi il Regolamento, il diritto di proporre<br \/>\nreclamo a un\u2019Autorit\u00e0 di controllo (nello Stato membro in cui risiede abitualmente, in quello in cui lavora oppure in quello in<br \/>\ncui si \u00e8 verificata la presunta violazione). L\u2019Autorit\u00e0 di controllo italiana \u00e8 il Garante per la Protezione dei Dati Personali, con<br \/>\nsede in Piazza Venezia n. 11 &#8211; 00187 Roma &#8211; email: <a href=\"mailto:protocollo@gpdp.it\">protocollo@gpdp.it<\/a> &#8211; <a href=\"mailto:pecprotocollo@pec.gpdp.it\">pecprotocollo@pec.gpdp.it<\/a><br \/>\n<a href=\"http:\/\/www.garanteprivacy.it\">http:\/\/www.garanteprivacy.it<\/a><\/p>\n<h2>COOKIE POLICY<\/h2>\n<h3>Informativa Estesa<\/h3>\n<p>Il sito web <strong>Angelinaresidence.it <\/strong>di\u00a0<strong>INTUR s.a.s. di Paola Della Pietra e C. <\/strong>utilizza cookie e\/o tecnologie analoghe per garantire il corretto funzionamento delle procedure e una migliore esperienza nell\u2019uso delle applicazioni online. In questa pagina forniamo le informazioni dettagliate sull\u2019uso dei cookie e delle tecnologie assimilabili, su come sono utilizzati e su come gestirli, in adeguamento alla recente normativa italiana ed europea relativa agli obblighi di informazione e tutela degli utenti dei siti web.<\/p>\n<p>Nello specifico informiamo tutti i nostri visitatori che il sito non usa n\u00e9 user\u00e0 mai cookie di tracciamento n\u00e9 di profilazione, ma solo quelli strettamente necessari al funzionamento e all\u2019analisi strutturata delle prestazioni e del traffico.<\/p>\n<h3>Definizioni<\/h3>\n<p>I cookie sono brevi stringhe di testo (lettere e\/o numeri) che permettono al web server di memorizzare sul client (il browser) informazioni da riutilizzare nel corso della medesima visita al sito (cookie di sessione) o in seguito, anche a distanza di giorni (cookie persistenti). I cookie vengono memorizzati, in base alle preferenze dell\u2019utente, dal singolo browser sullo specifico dispositivo utilizzato (computer, tablet, smartphone).<\/p>\n<h3>Tipologie di cookie<\/h3>\n<p>In base alle caratteristiche e all\u2019utilizzo dei cookie possiamo distinguere diverse categorie:<\/p>\n<ul>\n<li>Cookie strettamente necessari. Si tratta di cookie indispensabili per il corretto funzionamento del sito <strong>Angelinaresidence.it <\/strong> e sono utilizzati per gestire il login e l\u2019accesso alle funzioni riservate del sito. La durata dei cookie \u00e8 strettamente limitata alla sessione di lavoro (chiuso il browser vengono cancellati).<\/li>\n<li>Cookie di analisi e prestazioni. Sono cookie utilizzati per raccogliere e analizzare il traffico e l\u2019utilizzo del sito in modo anonimo. Questi cookie, pur senza identificare l\u2019utente, consentono, per esempio, di rilevare se il medesimo utente torna a collegarsi in momenti diversi. Permettono inoltre di monitorare il sistema e migliorarne le prestazioni e l\u2019usabilit\u00e0. La disattivazione di tali cookie pu\u00f2 essere eseguita senza alcuna perdita di funzionalit\u00e0.<\/li>\n<li>Cookie di profilazione. Si tratta di cookie permanenti utilizzati per identificare (in modo anonimo e non) le preferenze dell\u2019utente e migliorare la sua esperienza di navigazione. Il sito <strong>Angelinaresidence.it <\/strong> non utilizza cookie di questo tipo.<\/li>\n<\/ul>\n<h3>Cookie di terze parti<\/h3>\n<p>Quando si visita un sito web \u00e8 possibile ricevere cookie sia dal sito che si sta visitando (\u201ccookie proprietari\u201d), sia da siti gestiti da altre organizzazioni (detti di \u201cterze parti\u201d).<\/p>\n<h4>Google Analytics<\/h4>\n<p>Nel sito di <strong>Angleinaresidence.it <\/strong> sono inclusi anche componenti trasmesse da Google Analytics, un servizio di analisi del traffico web fornito da Google, Inc. (\u201cGoogle\u201d).<\/p>\n<p>Anche in questo caso si tratta di cookie di terze parti raccolti e gestiti per\u00f2 in modo anonimo per monitorare e migliorare le prestazioni del sito ospite (c.d. performance cookie).<\/p>\n<p>In questo sito il cookie di Google Analytics \u00e8 stato reso anonimo al fine di poterlo equiparare ai cookie tecnici. Con l\u2019uso dei cookie di Google Analytics con IP anonimizzato, infatti, tutte le informazioni vengono raccolte da Google Analytics in forma aggregata.<\/p>\n<p>Per ulteriori informazioni, si rinvia al link di seguito indicato:<br \/>\n<a href=\"https:\/\/www.google.it\/policies\/privacy\/partners\/\">https:\/\/www.google.it\/policies\/privacy\/partners\/<\/a><\/p>\n<p>L\u2019utente pu\u00f2 disabilitare in modo selettivo l\u2019azione di Google Analytics installando sul proprio browser la componente di opt-out fornito da Google. Per disabilitare l\u2019azione di Google Analytics, si rinvia al link di seguito indicato:<br \/>\n<a href=\"https:\/\/tools.google.com\/dlpage\/gaoptout\">https:\/\/tools.google.com\/dlpage\/gaoptout<\/a><\/p>\n<h3>Durata dei cookie<\/h3>\n<p>Alcuni cookie (cookie di sessione) restano attivi solo fino alla chiusura del browser o all\u2019esecuzione del comando di logout. Altri cookie \u201csopravvivono\u201d alla chiusura del browser e sono disponibili anche in successive visite dell\u2019utente.<\/p>\n<p>Questi cookie sono detti persistenti e la loro durata \u00e8 fissata dal server al momento della loro creazione. In alcuni casi \u00e8 fissata una scadenza, in altri casi la durata \u00e8 illimitata.<\/p>\n<p>Tuttavia, navigando sulle pagine deIl sito web <strong>Angelinaresidence.it<\/strong>, si pu\u00f2 interagire con siti gestiti da terze parti che possono creare o modificare cookie permanenti e di profilazione.<\/p>\n<h4>Gestione dei cookie<\/h4>\n<p>L\u2019utente pu\u00f2 decidere se accettare o meno i cookie utilizzando le impostazioni del proprio browser. Attenzione: la disabilitazione totale o parziale dei cookie tecnici pu\u00f2 compromettere l\u2019utilizzo delle funzionalit\u00e0 del sito riservate agli utenti registrati. Al contrario, la fruibilit\u00e0 dei contenuti pubblici \u00e8 possibile anche disabilitando completamente i cookie. La disabilitazione dei cookie \u201cterze parti\u201d non pregiudica in alcun modo la navigabilit\u00e0.<\/p>\n<p>Una lista aggiornata con le istruzioni per la gestione dei cookies nei browser pi\u00f9 utilizzati pu\u00f2 essere consultata alla pagina <a href=\"http:\/\/ikb.itncentral.com\/ikb\/gestione-cookie-nei-browser\/\">http:\/\/ikb.itncentral.com\/ikb\/gestione-cookie-nei-browser\/<\/a>.<\/p>\n<h2>FACOLTATIVIT\u00c0 DEL CONFERIMENTO DEI DATI<\/h2>\n<p>A parte quanto specificato per i dati di navigazione, l\u2019utente \u00e8 libero di fornire i dati personali riportati nei moduli di richiesta informazioni o comunque indicati in contatti per sollecitare l\u2019invio di materiale informativo o di altre comunicazioni.<br \/>\nIl loro mancato conferimento pu\u00f2 comportare l\u2019impossibilit\u00e0 di ottenere quanto richiesto.<br \/>\nPer completezza va ricordato che in alcuni casi le Autorit\u00e0 possono richiedere notizie e informazioni ai sensi dell\u2019art 157 del d.lgs. n. 196\/2003, ai fini del controllo sul trattamento dei dati personali. In questi casi la risposta \u00e8 obbligatoria a pena di sanzione amministrativa.<\/p>\n<h2>MODALIT\u00c0 DEL TRATTAMENTO<\/h2>\n<p>I dati personali sono trattati con strumenti automatizzati per il tempo strettamente necessario a conseguire gli scopi per cui sono stati raccolti.<br \/>\nSpecifiche misure di sicurezza sono osservate per prevenire la perdita dei dati, usi illeciti o non corretti ed accessi non autorizzati.<\/p>\n<h2>DIRITTI DEGLI INTERESSATI<\/h2>\n<p>I soggetti cui si riferiscono i dati personali hanno il diritto in qualunque momento di ottenere la conferma dell\u2019esistenza o meno dei medesimi dati e di conoscerne il contenuto e l\u2019origine, verificarne l\u2019esattezza o chiederne l\u2019integrazione o l\u2019aggiornamento, oppure la rettificazione (<em>art. 7 del d.lgs. n. 196\/2003<\/em>).<br \/>\nAi sensi del medesimo articolo si ha il diritto di chiedere la cancellazione, la trasformazione in forma anonima o il blocco dei dati trattati in violazione di legge, nonch\u00e9 di opporsi in ogni caso, per motivi legittimi, al loro trattamento.<\/p>\n<p>Le richieste vanno rivolte al titolare del trattamento dei dati che \u00e8 la sig.ra <strong>Paola Della Pietra<\/strong> all\u2019indirizzo precedentemente indicato o anche telefonando al numero <strong>+39 0892850411<\/strong> o inviando una e-mail a <a href=\"mailto:info@angelinaresidence.it\">info@angelinaresidence.it<\/a><\/p>\n<p>Considerando che lo stato di perfezionamento dei meccanismi automatici di controllo non li rende attualmente esenti da errori e disfunzioni, si precisa che il presente documento, pubblicato all\u2019indirizzo<\/p>\n<p><a href=\"\/privacy-cookie-policy\/\">https:\/\/www.angelinaresidence.it\/privacy-cookie-policy\/<\/a><\/p>\n<p>costituisce la \u201cPrivacy Policy\u201d di questo sito che sar\u00e0 soggetta ad aggiornamenti (restano le varie versioni consultabili al medesimo indirizzo).<\/p>\n<p><em>Ultimo aggiornamento: 03\/05\/2018<\/em><\/p>\n","protected":false},"excerpt":{"rendered":"<p>INFORMATIVA RELATIVA AL TRATTAMENTO DI DATI PERSONALI Ai sensi dell\u2019art. 13 del Regolamento UE 2016\/679 del 27 aprile 2016 &#8211; di seguito, definito il Regolamento &#8211; e dell\u2019art. 13 del D. Lgs. 196\/2003 e s.m.i. &#8211; insieme definiti Normativa Applicabile &#8211; forniamo in qualit\u00e0 di Titolare del Trattamento opportuna informativa circa gli elementi fondamentali del [&hellip;]<\/p>\n","protected":false},"author":3,"featured_media":0,"parent":0,"menu_order":0,"comment_status":"closed","ping_status":"closed","template":"","meta":{"_mi_skip_tracking":false},"_links":{"self":[{"href":"https:\/\/angelinaresidence.it\/en\/wp-json\/wp\/v2\/pages\/56"}],"collection":[{"href":"https:\/\/angelinaresidence.it\/en\/wp-json\/wp\/v2\/pages"}],"about":[{"href":"https:\/\/angelinaresidence.it\/en\/wp-json\/wp\/v2\/types\/page"}],"author":[{"embeddable":true,"href":"https:\/\/angelinaresidence.it\/en\/wp-json\/wp\/v2\/users\/3"}],"replies":[{"embeddable":true,"href":"https:\/\/angelinaresidence.it\/en\/wp-json\/wp\/v2\/comments?post=56"}],"version-history":[{"count":4,"href":"https:\/\/angelinaresidence.it\/en\/wp-json\/wp\/v2\/pages\/56\/revisions"}],"predecessor-version":[{"id":1226,"href":"https:\/\/angelinaresidence.it\/en\/wp-json\/wp\/v2\/pages\/56\/revisions\/1226"}],"wp:attachment":[{"href":"https:\/\/angelinaresidence.it\/en\/wp-json\/wp\/v2\/media?parent=56"}],"curies":[{"name":"wp","href":"https:\/\/api.w.org\/{rel}","templated":true}]}}