{"id":25,"date":"2018-05-02T12:53:44","date_gmt":"2018-05-02T12:53:44","guid":{"rendered":"https:\/\/angelinaresidence.it\/?page_id=25"},"modified":"2018-05-18T13:53:55","modified_gmt":"2018-05-18T11:53:55","slug":"the-residence","status":"publish","type":"page","link":"https:\/\/angelinaresidence.it\/en\/the-residence\/","title":{"rendered":"The Residence"},"content":{"rendered":"<blockquote><p>Angelina Residence offre appartamenti al centro di Maiori, a pochi metri dalla spiaggia.<\/p><\/blockquote>\n<p>Il residence si trova vicinissimo al porto turistico di Maiori, che \u00e8 comodamente raggiungibile a piedi dalla struttura e da cui \u00e8 possibile imbarcarsi per raggiungere le altre localit\u00e0 della <strong>Costiera Amalfitana<\/strong>.<\/p>\n<p>Angelina Residence offre appartamenti completamente arredati e dotati di tutti i comfort necessari per una vacanza perfetta. In ogni appartamento troverete la <em>TV a schermo piatto<\/em>, l&#8217;<em>aria condizionata<\/em>, un <em>balcone<\/em>, pavimenti con piastrelle in stile marinaro e la <em>connessione WiFi<\/em> gratuita nelle aree comuni.<\/p>\n<p>La struttura dispone poi di un&#8217;ampia <em>piscina<\/em> all&#8217;aperto, affiancata da una bella terrazza <em>solarium<\/em> attrezzata con lettini e ombrelloni.<\/p>\n<p>Nel centro di Maiori, Angelina Residence \u00e8 circondata da numerosi negozi, da supermercati, bar e ristoranti che offrono la cucina tipica della Costa Amalfitana.<\/p>\n<p>Voi ricordiamo che Maiori \u00e8 a soli 30 minuti di auto da <strong>Salerno<\/strong> e a 16 km dall&#8217;uscita dell&#8217;autostrada A3 pi\u00f9 vicina, quella di <strong>Vietri sul Mare<\/strong>.<\/p>\n","protected":false},"excerpt":{"rendered":"<p>Angelina Residence offre appartamenti al centro di Maiori, a pochi metri dalla spiaggia. Il residence si trova vicinissimo al porto turistico di Maiori, che \u00e8 comodamente raggiungibile a piedi dalla struttura e da cui \u00e8 possibile imbarcarsi per raggiungere le altre localit\u00e0 della Costiera Amalfitana. Angelina Residence offre appartamenti completamente arredati e dotati di tutti [&hellip;]<\/p>\n","protected":false},"author":3,"featured_media":19,"parent":0,"menu_order":0,"comment_status":"closed","ping_status":"closed","template":"","meta":{"_mi_skip_tracking":false},"_links":{"self":[{"href":"https:\/\/angelinaresidence.it\/en\/wp-json\/wp\/v2\/pages\/25"}],"collection":[{"href":"https:\/\/angelinaresidence.it\/en\/wp-json\/wp\/v2\/pages"}],"about":[{"href":"https:\/\/angelinaresidence.it\/en\/wp-json\/wp\/v2\/types\/page"}],"author":[{"embeddable":true,"href":"https:\/\/angelinaresidence.it\/en\/wp-json\/wp\/v2\/users\/3"}],"replies":[{"embeddable":true,"href":"https:\/\/angelinaresidence.it\/en\/wp-json\/wp\/v2\/comments?post=25"}],"version-history":[{"count":2,"href":"https:\/\/angelinaresidence.it\/en\/wp-json\/wp\/v2\/pages\/25\/revisions"}],"predecessor-version":[{"id":171,"href":"https:\/\/angelinaresidence.it\/en\/wp-json\/wp\/v2\/pages\/25\/revisions\/171"}],"wp:featuredmedia":[{"embeddable":true,"href":"https:\/\/angelinaresidence.it\/en\/wp-json\/wp\/v2\/media\/19"}],"wp:attachment":[{"href":"https:\/\/angelinaresidence.it\/en\/wp-json\/wp\/v2\/media?parent=25"}],"curies":[{"name":"wp","href":"https:\/\/api.w.org\/{rel}","templated":true}]}}